{"id":7,"date":"2023-06-27T16:33:49","date_gmt":"2023-06-27T14:33:49","guid":{"rendered":"http:\/\/vipbeach.fr\/?page_id=7"},"modified":"2025-05-18T16:19:38","modified_gmt":"2025-05-18T14:19:38","slug":"about","status":"publish","type":"page","link":"https:\/\/vipbeach.fr\/index.php\/about\/","title":{"rendered":""},"content":{"rendered":"\t\t<div data-elementor-type=\"wp-page\" data-elementor-id=\"7\" class=\"elementor elementor-7\" data-elementor-post-type=\"page\">\n\t\t\t\t\t\t<section class=\"elementor-section elementor-top-section elementor-element elementor-element-74b6ba75 elementor-section-height-min-height elementor-section-items-stretch elementor-section-content-bottom elementor-reverse-tablet elementor-section-boxed elementor-section-height-default\" data-id=\"74b6ba75\" data-element_type=\"section\" data-settings=\"{&quot;background_background&quot;:&quot;classic&quot;}\">\n\t\t\t\t\t\t<div class=\"elementor-container elementor-column-gap-no\">\n\t\t\t\t\t<div class=\"elementor-column elementor-col-50 elementor-top-column elementor-element elementor-element-4be9641b\" data-id=\"4be9641b\" data-element_type=\"column\">\n\t\t\t<div class=\"elementor-widget-wrap\">\n\t\t\t\t\t\t\t<\/div>\n\t\t<\/div>\n\t\t\t\t<div class=\"elementor-column elementor-col-50 elementor-top-column elementor-element elementor-element-6875f51a\" data-id=\"6875f51a\" data-element_type=\"column\" data-settings=\"{&quot;background_background&quot;:&quot;classic&quot;}\">\n\t\t\t<div class=\"elementor-widget-wrap elementor-element-populated\">\n\t\t\t\t\t\t<div class=\"elementor-element elementor-element-1f4516a5 elementor-invisible elementor-widget elementor-widget-heading\" data-id=\"1f4516a5\" data-element_type=\"widget\" data-settings=\"{&quot;_animation&quot;:&quot;fadeInUp&quot;,&quot;_animation_delay&quot;:200}\" data-widget_type=\"heading.default\">\n\t\t\t\t<div class=\"elementor-widget-container\">\n\t\t\t\t\t<h1 class=\"elementor-heading-title elementor-size-default\"><strong data-start=\"182\" data-end=\"217\">Mariage les pieds dans le sable<\/strong><\/h1>\t\t\t\t<\/div>\n\t\t\t\t<\/div>\n\t\t\t\t<div class=\"elementor-element elementor-element-76948d92 elementor-invisible elementor-widget elementor-widget-text-editor\" data-id=\"76948d92\" data-element_type=\"widget\" data-settings=\"{&quot;_animation&quot;:&quot;fadeInUp&quot;,&quot;_animation_delay&quot;:400}\" data-widget_type=\"text-editor.default\">\n\t\t\t\t<div class=\"elementor-widget-container\">\n\t\t\t\t\t\t\t\t\t<p class=\"\" data-start=\"220\" data-end=\"277\"><strong data-start=\"220\" data-end=\"277\">Dites \u201coui\u201d dans un d\u00e9cor de r\u00eave, entre mer et ciel.<\/strong><\/p><p class=\"\" data-start=\"279\" data-end=\"587\">Au VIP Beach, nous transformons votre mariage en un moment magique, sur mesure, inoubliable. Situ\u00e9 au bord de l\u2019eau, notre lieu offre un cadre naturel exceptionnel pour c\u00e9l\u00e9brer votre amour. Plage priv\u00e9e, coucher de soleil, ambiance chic et d\u00e9tendue\u2026 tout est pens\u00e9 pour cr\u00e9er une journ\u00e9e qui vous ressemble.<\/p>\t\t\t\t\t\t\t\t<\/div>\n\t\t\t\t<\/div>\n\t\t\t\t<div class=\"elementor-element elementor-element-53c4bc21 elementor-widget__width-initial elementor-widget-tablet__width-inherit elementor-widget-mobile__width-inherit elementor-absolute elementor-widget elementor-widget-spacer\" data-id=\"53c4bc21\" data-element_type=\"widget\" data-settings=\"{&quot;_position&quot;:&quot;absolute&quot;}\" data-widget_type=\"spacer.default\">\n\t\t\t\t<div class=\"elementor-widget-container\">\n\t\t\t\t\t\t\t<div class=\"elementor-spacer\">\n\t\t\t<div class=\"elementor-spacer-inner\"><\/div>\n\t\t<\/div>\n\t\t\t\t\t\t<\/div>\n\t\t\t\t<\/div>\n\t\t\t\t\t<\/div>\n\t\t<\/div>\n\t\t\t\t\t<\/div>\n\t\t<\/section>\n\t\t\t\t<section class=\"elementor-section elementor-top-section elementor-element elementor-element-ae0849e elementor-section-height-min-height elementor-section-items-stretch elementor-section-content-middle elementor-section-boxed elementor-section-height-default\" data-id=\"ae0849e\" data-element_type=\"section\" data-settings=\"{&quot;background_background&quot;:&quot;classic&quot;}\">\n\t\t\t\t\t\t<div class=\"elementor-container elementor-column-gap-no\">\n\t\t\t\t\t<div class=\"elementor-column elementor-col-100 elementor-top-column elementor-element elementor-element-872ea74\" data-id=\"872ea74\" data-element_type=\"column\" data-settings=\"{&quot;background_background&quot;:&quot;classic&quot;}\">\n\t\t\t<div class=\"elementor-widget-wrap elementor-element-populated\">\n\t\t\t\t\t\t<div class=\"elementor-element elementor-element-e5e113c elementor-invisible elementor-widget elementor-widget-heading\" data-id=\"e5e113c\" data-element_type=\"widget\" data-settings=\"{&quot;_animation&quot;:&quot;fadeIn&quot;,&quot;_animation_delay&quot;:400}\" data-widget_type=\"heading.default\">\n\t\t\t\t<div class=\"elementor-widget-container\">\n\t\t\t\t\t<h2 class=\"elementor-heading-title elementor-size-default\">Une arriv\u00e9e digne d\u2019un film<\/h2>\t\t\t\t<\/div>\n\t\t\t\t<\/div>\n\t\t\t\t<div class=\"elementor-element elementor-element-02f785c elementor-invisible elementor-widget elementor-widget-text-editor\" data-id=\"02f785c\" data-element_type=\"widget\" data-settings=\"{&quot;_animation&quot;:&quot;fadeIn&quot;,&quot;_animation_delay&quot;:600}\" data-widget_type=\"text-editor.default\">\n\t\t\t\t<div class=\"elementor-widget-container\">\n\t\t\t\t\t\t\t\t\t<p>Faites une entr\u00e9e spectaculaire en bateau, sous les regards \u00e9merveill\u00e9s de vos proches. Une arriv\u00e9e romantique et originale qui marque le d\u00e9but d\u2019une soir\u00e9e d\u2019exception.<\/p>\t\t\t\t\t\t\t\t<\/div>\n\t\t\t\t<\/div>\n\t\t\t\t\t<\/div>\n\t\t<\/div>\n\t\t\t\t\t<\/div>\n\t\t<\/section>\n\t\t\t\t<section class=\"elementor-section elementor-top-section elementor-element elementor-element-77b524d7 elementor-section-full_width elementor-section-height-min-height elementor-section-items-stretch elementor-section-content-middle elementor-section-height-default\" data-id=\"77b524d7\" data-element_type=\"section\">\n\t\t\t\t\t\t<div class=\"elementor-container elementor-column-gap-no\">\n\t\t\t\t\t<div class=\"elementor-column elementor-col-100 elementor-top-column elementor-element elementor-element-59bec61f\" data-id=\"59bec61f\" data-element_type=\"column\">\n\t\t\t<div class=\"elementor-widget-wrap elementor-element-populated\">\n\t\t\t\t\t\t<div class=\"elementor-element elementor-element-31a77a7c elementor-widget__width-auto elementor-absolute elementor-invisible elementor-widget elementor-widget-image\" data-id=\"31a77a7c\" data-element_type=\"widget\" data-settings=\"{&quot;_animation&quot;:&quot;slideInLeft&quot;,&quot;_position&quot;:&quot;absolute&quot;}\" data-widget_type=\"image.default\">\n\t\t\t\t<div class=\"elementor-widget-container\">\n\t\t\t\t\t\t\t\t\t\t\t\t\t\t\t<img fetchpriority=\"high\" decoding=\"async\" width=\"767\" height=\"1024\" src=\"https:\/\/vipbeach.fr\/wp-content\/uploads\/2025\/04\/IMG-20250422-WA0050-767x1024.jpg\" class=\"attachment-large size-large wp-image-7137\" alt=\"\" srcset=\"https:\/\/vipbeach.fr\/wp-content\/uploads\/2025\/04\/IMG-20250422-WA0050-767x1024.jpg 767w, https:\/\/vipbeach.fr\/wp-content\/uploads\/2025\/04\/IMG-20250422-WA0050-225x300.jpg 225w, https:\/\/vipbeach.fr\/wp-content\/uploads\/2025\/04\/IMG-20250422-WA0050-768x1025.jpg 768w, https:\/\/vipbeach.fr\/wp-content\/uploads\/2025\/04\/IMG-20250422-WA0050-1151x1536.jpg 1151w, https:\/\/vipbeach.fr\/wp-content\/uploads\/2025\/04\/IMG-20250422-WA0050-1000x1334.jpg 1000w, https:\/\/vipbeach.fr\/wp-content\/uploads\/2025\/04\/IMG-20250422-WA0050-420x560.jpg 420w, https:\/\/vipbeach.fr\/wp-content\/uploads\/2025\/04\/IMG-20250422-WA0050-600x801.jpg 600w, https:\/\/vipbeach.fr\/wp-content\/uploads\/2025\/04\/IMG-20250422-WA0050.jpg 1199w\" sizes=\"(max-width: 767px) 100vw, 767px\" \/>\t\t\t\t\t\t\t\t\t\t\t\t\t\t\t<\/div>\n\t\t\t\t<\/div>\n\t\t\t\t<div class=\"elementor-element elementor-element-354b9c0a elementor-widget__width-auto elementor-absolute elementor-invisible elementor-widget elementor-widget-image\" data-id=\"354b9c0a\" data-element_type=\"widget\" data-settings=\"{&quot;_animation&quot;:&quot;slideInRight&quot;,&quot;_animation_delay&quot;:200,&quot;_position&quot;:&quot;absolute&quot;}\" data-widget_type=\"image.default\">\n\t\t\t\t<div class=\"elementor-widget-container\">\n\t\t\t\t\t\t\t\t\t\t\t\t\t\t\t<img decoding=\"async\" width=\"681\" height=\"1024\" src=\"https:\/\/vipbeach.fr\/wp-content\/uploads\/2025\/04\/IMG-20250422-WA0046-681x1024.jpg\" class=\"attachment-large size-large wp-image-7141\" alt=\"\" srcset=\"https:\/\/vipbeach.fr\/wp-content\/uploads\/2025\/04\/IMG-20250422-WA0046-681x1024.jpg 681w, https:\/\/vipbeach.fr\/wp-content\/uploads\/2025\/04\/IMG-20250422-WA0046-200x300.jpg 200w, https:\/\/vipbeach.fr\/wp-content\/uploads\/2025\/04\/IMG-20250422-WA0046-768x1155.jpg 768w, https:\/\/vipbeach.fr\/wp-content\/uploads\/2025\/04\/IMG-20250422-WA0046-1021x1536.jpg 1021w, https:\/\/vipbeach.fr\/wp-content\/uploads\/2025\/04\/IMG-20250422-WA0046-1000x1504.jpg 1000w, https:\/\/vipbeach.fr\/wp-content\/uploads\/2025\/04\/IMG-20250422-WA0046-372x560.jpg 372w, https:\/\/vipbeach.fr\/wp-content\/uploads\/2025\/04\/IMG-20250422-WA0046-600x902.jpg 600w, https:\/\/vipbeach.fr\/wp-content\/uploads\/2025\/04\/IMG-20250422-WA0046.jpg 1064w\" sizes=\"(max-width: 681px) 100vw, 681px\" \/>\t\t\t\t\t\t\t\t\t\t\t\t\t\t\t<\/div>\n\t\t\t\t<\/div>\n\t\t\t\t<section class=\"elementor-section elementor-inner-section elementor-element elementor-element-2168148f elementor-section-height-min-height elementor-section-content-middle elementor-section-boxed elementor-section-height-default\" data-id=\"2168148f\" data-element_type=\"section\" data-settings=\"{&quot;background_background&quot;:&quot;classic&quot;}\">\n\t\t\t\t\t\t<div class=\"elementor-container elementor-column-gap-no\">\n\t\t\t\t\t<div class=\"elementor-column elementor-col-100 elementor-inner-column elementor-element elementor-element-214697c9\" data-id=\"214697c9\" data-element_type=\"column\">\n\t\t\t<div class=\"elementor-widget-wrap elementor-element-populated\">\n\t\t\t\t\t\t<div class=\"elementor-element elementor-element-4f670527 elementor-invisible elementor-widget elementor-widget-heading\" data-id=\"4f670527\" data-element_type=\"widget\" data-settings=\"{&quot;_animation&quot;:&quot;fadeIn&quot;}\" data-widget_type=\"heading.default\">\n\t\t\t\t<div class=\"elementor-widget-container\">\n\t\t\t\t\t<h2 class=\"elementor-heading-title elementor-size-default\">C\u00e9r\u00e9monie &amp; r\u00e9ception<\/h2>\t\t\t\t<\/div>\n\t\t\t\t<\/div>\n\t\t\t\t<div class=\"elementor-element elementor-element-5c18d20b elementor-invisible elementor-widget elementor-widget-text-editor\" data-id=\"5c18d20b\" data-element_type=\"widget\" data-settings=\"{&quot;_animation&quot;:&quot;fadeIn&quot;,&quot;_animation_delay&quot;:200}\" data-widget_type=\"text-editor.default\">\n\t\t\t\t<div class=\"elementor-widget-container\">\n\t\t\t\t\t\t\t\t\t<p>Nous organisons votre c\u00e9r\u00e9monie sur le sable, avec une arche d\u00e9cor\u00e9e selon vos envies (boh\u00e8me, chic, nature\u2026).<\/p>\t\t\t\t\t\t\t\t<\/div>\n\t\t\t\t<\/div>\n\t\t\t\t\t<\/div>\n\t\t<\/div>\n\t\t\t\t\t<\/div>\n\t\t<\/section>\n\t\t\t\t\t<\/div>\n\t\t<\/div>\n\t\t\t\t\t<\/div>\n\t\t<\/section>\n\t\t\t\t<section class=\"elementor-section elementor-top-section elementor-element elementor-element-f379639 elementor-section-height-min-height elementor-section-items-stretch elementor-section-content-bottom elementor-section-boxed elementor-section-height-default\" data-id=\"f379639\" data-element_type=\"section\" data-settings=\"{&quot;background_background&quot;:&quot;classic&quot;}\">\n\t\t\t\t\t\t<div class=\"elementor-container elementor-column-gap-no\">\n\t\t\t\t\t<div class=\"elementor-column elementor-col-50 elementor-top-column elementor-element elementor-element-63dc2fb5\" data-id=\"63dc2fb5\" data-element_type=\"column\" data-settings=\"{&quot;background_background&quot;:&quot;classic&quot;}\">\n\t\t\t<div class=\"elementor-widget-wrap elementor-element-populated\">\n\t\t\t\t\t\t<div class=\"elementor-element elementor-element-73962b5f elementor-invisible elementor-widget elementor-widget-image-box\" data-id=\"73962b5f\" data-element_type=\"widget\" data-settings=\"{&quot;_animation&quot;:&quot;fadeIn&quot;,&quot;_animation_delay&quot;:400}\" data-widget_type=\"image-box.default\">\n\t\t\t\t<div class=\"elementor-widget-container\">\n\t\t\t\t\t<div class=\"elementor-image-box-wrapper\"><div class=\"elementor-image-box-content\"><h3 class=\"elementor-image-box-title\">Une cuisine raffin\u00e9e et ensoleill\u00e9e<\/h3><p class=\"elementor-image-box-description\">Notre chef propose un menu sur-mesure \u00e0 base de produits frais : p\u00eache du jour, pi\u00e8ces de viande grill\u00e9es, salades color\u00e9es, antipasti\u2026\nCocktails dinatoires, buffet ou d\u00eener assis \u2014 nous nous adaptons \u00e0 votre style et \u00e0 vos go\u00fbts.<\/p><\/div><\/div>\t\t\t\t<\/div>\n\t\t\t\t<\/div>\n\t\t\t\t<div class=\"elementor-element elementor-element-464ec975 elementor-widget__width-initial elementor-widget-tablet__width-inherit elementor-widget-mobile__width-inherit elementor-absolute elementor-widget elementor-widget-spacer\" data-id=\"464ec975\" data-element_type=\"widget\" data-settings=\"{&quot;_position&quot;:&quot;absolute&quot;}\" data-widget_type=\"spacer.default\">\n\t\t\t\t<div class=\"elementor-widget-container\">\n\t\t\t\t\t\t\t<div class=\"elementor-spacer\">\n\t\t\t<div class=\"elementor-spacer-inner\"><\/div>\n\t\t<\/div>\n\t\t\t\t\t\t<\/div>\n\t\t\t\t<\/div>\n\t\t\t\t\t<\/div>\n\t\t<\/div>\n\t\t\t\t<div class=\"elementor-column elementor-col-50 elementor-top-column elementor-element elementor-element-25ee9f47\" data-id=\"25ee9f47\" data-element_type=\"column\">\n\t\t\t<div class=\"elementor-widget-wrap elementor-element-populated\">\n\t\t\t\t\t\t<div class=\"elementor-element elementor-element-635bbc07 elementor-invisible elementor-widget elementor-widget-image\" data-id=\"635bbc07\" data-element_type=\"widget\" data-settings=\"{&quot;_animation&quot;:&quot;slideInUp&quot;}\" data-widget_type=\"image.default\">\n\t\t\t\t<div class=\"elementor-widget-container\">\n\t\t\t\t\t\t\t\t\t\t\t\t\t\t\t<img decoding=\"async\" width=\"682\" height=\"1024\" src=\"https:\/\/vipbeach.fr\/wp-content\/uploads\/2025\/04\/IMG-20250422-WA0039-682x1024.jpg\" class=\"attachment-large size-large wp-image-7131\" alt=\"\" srcset=\"https:\/\/vipbeach.fr\/wp-content\/uploads\/2025\/04\/IMG-20250422-WA0039-682x1024.jpg 682w, https:\/\/vipbeach.fr\/wp-content\/uploads\/2025\/04\/IMG-20250422-WA0039-200x300.jpg 200w, https:\/\/vipbeach.fr\/wp-content\/uploads\/2025\/04\/IMG-20250422-WA0039-768x1153.jpg 768w, https:\/\/vipbeach.fr\/wp-content\/uploads\/2025\/04\/IMG-20250422-WA0039-1023x1536.jpg 1023w, https:\/\/vipbeach.fr\/wp-content\/uploads\/2025\/04\/IMG-20250422-WA0039-1000x1501.jpg 1000w, https:\/\/vipbeach.fr\/wp-content\/uploads\/2025\/04\/IMG-20250422-WA0039-373x560.jpg 373w, https:\/\/vipbeach.fr\/wp-content\/uploads\/2025\/04\/IMG-20250422-WA0039-600x900.jpg 600w, https:\/\/vipbeach.fr\/wp-content\/uploads\/2025\/04\/IMG-20250422-WA0039.jpg 1066w\" sizes=\"(max-width: 682px) 100vw, 682px\" \/>\t\t\t\t\t\t\t\t\t\t\t\t\t\t\t<\/div>\n\t\t\t\t<\/div>\n\t\t\t\t\t<\/div>\n\t\t<\/div>\n\t\t\t\t\t<\/div>\n\t\t<\/section>\n\t\t\t\t<section class=\"elementor-section elementor-top-section elementor-element elementor-element-3755797b elementor-section-height-min-height elementor-section-items-stretch elementor-section-content-middle elementor-section-boxed elementor-section-height-default\" data-id=\"3755797b\" data-element_type=\"section\" data-settings=\"{&quot;background_background&quot;:&quot;classic&quot;}\">\n\t\t\t\t\t\t<div class=\"elementor-container elementor-column-gap-no\">\n\t\t\t\t\t<div class=\"elementor-column elementor-col-100 elementor-top-column elementor-element elementor-element-4f180c59\" data-id=\"4f180c59\" data-element_type=\"column\" data-settings=\"{&quot;background_background&quot;:&quot;classic&quot;}\">\n\t\t\t<div class=\"elementor-widget-wrap elementor-element-populated\">\n\t\t\t\t\t\t<div class=\"elementor-element elementor-element-2bc95433 elementor-invisible elementor-widget elementor-widget-heading\" data-id=\"2bc95433\" data-element_type=\"widget\" data-settings=\"{&quot;_animation&quot;:&quot;fadeIn&quot;,&quot;_animation_delay&quot;:400}\" data-widget_type=\"heading.default\">\n\t\t\t\t<div class=\"elementor-widget-container\">\n\t\t\t\t\t<h2 class=\"elementor-heading-title elementor-size-default\">Une d\u00e9co \u00e0 votre image<\/h2>\t\t\t\t<\/div>\n\t\t\t\t<\/div>\n\t\t\t\t<div class=\"elementor-element elementor-element-1c5564bf elementor-invisible elementor-widget elementor-widget-text-editor\" data-id=\"1c5564bf\" data-element_type=\"widget\" data-settings=\"{&quot;_animation&quot;:&quot;fadeIn&quot;,&quot;_animation_delay&quot;:600}\" data-widget_type=\"text-editor.default\">\n\t\t\t\t<div class=\"elementor-widget-container\">\n\t\t\t\t\t\t\t\t\t<p>Notre \u00e9quipe travaille main dans la main avec des d\u00e9corateurs professionnels pour cr\u00e9er l\u2019univers qui vous ressemble : fleurs, lumi\u00e8res, nappages, centres de table, ambiance guinguette ou \u00e9l\u00e9gante\u2026 tout est possible.<\/p>\t\t\t\t\t\t\t\t<\/div>\n\t\t\t\t<\/div>\n\t\t\t\t\t<\/div>\n\t\t<\/div>\n\t\t\t\t\t<\/div>\n\t\t<\/section>\n\t\t\t\t<section class=\"elementor-section elementor-top-section elementor-element elementor-element-548a86f elementor-section-height-min-height elementor-section-items-stretch elementor-section-content-bottom elementor-section-boxed elementor-section-height-default\" data-id=\"548a86f\" data-element_type=\"section\" data-settings=\"{&quot;background_background&quot;:&quot;classic&quot;}\">\n\t\t\t\t\t\t<div class=\"elementor-container elementor-column-gap-no\">\n\t\t\t\t\t<div class=\"elementor-column elementor-col-50 elementor-top-column elementor-element elementor-element-94df636\" data-id=\"94df636\" data-element_type=\"column\" data-settings=\"{&quot;background_background&quot;:&quot;classic&quot;}\">\n\t\t\t<div class=\"elementor-widget-wrap elementor-element-populated\">\n\t\t\t\t\t\t<div class=\"elementor-element elementor-element-ced9d84 elementor-invisible elementor-widget elementor-widget-image-box\" data-id=\"ced9d84\" data-element_type=\"widget\" data-settings=\"{&quot;_animation&quot;:&quot;fadeIn&quot;,&quot;_animation_delay&quot;:400}\" data-widget_type=\"image-box.default\">\n\t\t\t\t<div class=\"elementor-widget-container\">\n\t\t\t\t\t<div class=\"elementor-image-box-wrapper\"><div class=\"elementor-image-box-content\"><h3 class=\"elementor-image-box-title\">Des prestataires de confiance<\/h3><p class=\"elementor-image-box-description\">Photographes, DJ, musiciens live, officiants de c\u00e9r\u00e9monie la\u00efque, fleuristes, maquilleurs-coiffeurs\u2026 nous avons une s\u00e9lection de partenaires talentueux pour vous accompagner avec douceur et professionnalisme.<\/p><\/div><\/div>\t\t\t\t<\/div>\n\t\t\t\t<\/div>\n\t\t\t\t<div class=\"elementor-element elementor-element-f27ee64 elementor-widget__width-initial elementor-widget-tablet__width-inherit elementor-widget-mobile__width-inherit elementor-absolute elementor-widget elementor-widget-spacer\" data-id=\"f27ee64\" data-element_type=\"widget\" data-settings=\"{&quot;_position&quot;:&quot;absolute&quot;}\" data-widget_type=\"spacer.default\">\n\t\t\t\t<div class=\"elementor-widget-container\">\n\t\t\t\t\t\t\t<div class=\"elementor-spacer\">\n\t\t\t<div class=\"elementor-spacer-inner\"><\/div>\n\t\t<\/div>\n\t\t\t\t\t\t<\/div>\n\t\t\t\t<\/div>\n\t\t\t\t\t<\/div>\n\t\t<\/div>\n\t\t\t\t<div class=\"elementor-column elementor-col-50 elementor-top-column elementor-element elementor-element-dc11f5b\" data-id=\"dc11f5b\" data-element_type=\"column\">\n\t\t\t<div class=\"elementor-widget-wrap elementor-element-populated\">\n\t\t\t\t\t\t<div class=\"elementor-element elementor-element-8ed4d71 elementor-invisible elementor-widget elementor-widget-image\" data-id=\"8ed4d71\" data-element_type=\"widget\" data-settings=\"{&quot;_animation&quot;:&quot;slideInUp&quot;}\" data-widget_type=\"image.default\">\n\t\t\t\t<div class=\"elementor-widget-container\">\n\t\t\t\t\t\t\t\t\t\t\t\t\t\t\t<img loading=\"lazy\" decoding=\"async\" width=\"800\" height=\"532\" src=\"https:\/\/vipbeach.fr\/wp-content\/uploads\/2025\/04\/IMG-20250422-WA0048-1024x681.jpg\" class=\"attachment-large size-large wp-image-7139\" alt=\"\" srcset=\"https:\/\/vipbeach.fr\/wp-content\/uploads\/2025\/04\/IMG-20250422-WA0048-1024x681.jpg 1024w, https:\/\/vipbeach.fr\/wp-content\/uploads\/2025\/04\/IMG-20250422-WA0048-300x200.jpg 300w, https:\/\/vipbeach.fr\/wp-content\/uploads\/2025\/04\/IMG-20250422-WA0048-768x511.jpg 768w, https:\/\/vipbeach.fr\/wp-content\/uploads\/2025\/04\/IMG-20250422-WA0048-1536x1021.jpg 1536w, https:\/\/vipbeach.fr\/wp-content\/uploads\/2025\/04\/IMG-20250422-WA0048-1000x665.jpg 1000w, https:\/\/vipbeach.fr\/wp-content\/uploads\/2025\/04\/IMG-20250422-WA0048-842x560.jpg 842w, https:\/\/vipbeach.fr\/wp-content\/uploads\/2025\/04\/IMG-20250422-WA0048-600x399.jpg 600w, https:\/\/vipbeach.fr\/wp-content\/uploads\/2025\/04\/IMG-20250422-WA0048.jpg 1600w\" sizes=\"(max-width: 800px) 100vw, 800px\" \/>\t\t\t\t\t\t\t\t\t\t\t\t\t\t\t<\/div>\n\t\t\t\t<\/div>\n\t\t\t\t\t<\/div>\n\t\t<\/div>\n\t\t\t\t\t<\/div>\n\t\t<\/section>\n\t\t\t\t<section class=\"elementor-section elementor-top-section elementor-element elementor-element-03f2fad elementor-section-height-min-height elementor-section-items-stretch elementor-section-content-middle elementor-section-boxed elementor-section-height-default\" data-id=\"03f2fad\" data-element_type=\"section\" data-settings=\"{&quot;background_background&quot;:&quot;classic&quot;}\">\n\t\t\t\t\t\t<div class=\"elementor-container elementor-column-gap-no\">\n\t\t\t\t\t<div class=\"elementor-column elementor-col-100 elementor-top-column elementor-element elementor-element-e1b5d02\" data-id=\"e1b5d02\" data-element_type=\"column\" data-settings=\"{&quot;background_background&quot;:&quot;classic&quot;}\">\n\t\t\t<div class=\"elementor-widget-wrap elementor-element-populated\">\n\t\t\t\t\t\t<div class=\"elementor-element elementor-element-6e1f67c elementor-invisible elementor-widget elementor-widget-heading\" data-id=\"6e1f67c\" data-element_type=\"widget\" data-settings=\"{&quot;_animation&quot;:&quot;fadeIn&quot;,&quot;_animation_delay&quot;:400}\" data-widget_type=\"heading.default\">\n\t\t\t\t<div class=\"elementor-widget-container\">\n\t\t\t\t\t<h2 class=\"elementor-heading-title elementor-size-default\">Un final en beaut\u00e9<\/h2>\t\t\t\t<\/div>\n\t\t\t\t<\/div>\n\t\t\t\t<div class=\"elementor-element elementor-element-24632f8 elementor-invisible elementor-widget elementor-widget-text-editor\" data-id=\"24632f8\" data-element_type=\"widget\" data-settings=\"{&quot;_animation&quot;:&quot;fadeIn&quot;,&quot;_animation_delay&quot;:600}\" data-widget_type=\"text-editor.default\">\n\t\t\t\t<div class=\"elementor-widget-container\">\n\t\t\t\t\t\t\t\t\t<p>Terminez la soir\u00e9e en apoth\u00e9ose avec un feu d\u2019artifice sur la mer, des lanternes volantes ou un l\u00e2cher de ballons.<\/p>\t\t\t\t\t\t\t\t<\/div>\n\t\t\t\t<\/div>\n\t\t\t\t\t<\/div>\n\t\t<\/div>\n\t\t\t\t\t<\/div>\n\t\t<\/section>\n\t\t\t\t<section class=\"elementor-section elementor-top-section elementor-element elementor-element-16ec4 elementor-section-content-middle elementor-section-boxed elementor-section-height-default elementor-section-height-default\" data-id=\"16ec4\" data-element_type=\"section\">\n\t\t\t\t\t\t<div class=\"elementor-container elementor-column-gap-no\">\n\t\t\t\t\t<div class=\"elementor-column elementor-col-100 elementor-top-column elementor-element elementor-element-6204c24e\" data-id=\"6204c24e\" data-element_type=\"column\">\n\t\t\t<div class=\"elementor-widget-wrap elementor-element-populated\">\n\t\t\t\t\t\t<div class=\"elementor-element elementor-element-571b2671 elementor-widget elementor-widget-heading\" data-id=\"571b2671\" data-element_type=\"widget\" data-widget_type=\"heading.default\">\n\t\t\t\t<div class=\"elementor-widget-container\">\n\t\t\t\t\t<h4 class=\"elementor-heading-title elementor-size-default\"><strong data-start=\"2027\" data-end=\"2058\">Parlons de votre grand jour<\/strong><\/h4>\t\t\t\t<\/div>\n\t\t\t\t<\/div>\n\t\t\t\t<div class=\"elementor-element elementor-element-263841a9 elementor-widget elementor-widget-text-editor\" data-id=\"263841a9\" data-element_type=\"widget\" data-widget_type=\"text-editor.default\">\n\t\t\t\t<div class=\"elementor-widget-container\">\n\t\t\t\t\t\t\t\t\t<p class=\"\" data-start=\"2061\" data-end=\"2195\">Chaque mariage est unique. Contactez-nous pour une visite, un devis personnalis\u00e9 ou simplement imaginer ensemble votre journ\u00e9e id\u00e9ale.<\/p><p class=\"\" data-start=\"2197\" data-end=\"2263\"><span class=\"LrzXr zdqRlf kno-fv\" style=\"color: #993366;\"><a style=\"color: #993366;\" href=\"https:\/\/www.google.com\/search?client=firefox-b-d&amp;q=vip+beach#\" data-dtype=\"d3ph\" data-local-attribute=\"d3ph\" data-ved=\"2ahUKEwjvre6AruuMAxWfVqQEHRJYCFAQkAgoAHoECEcQAw\"><span aria-label=\"Appeler le 06 17 72 31 90\">06 17 72 31 90<\/span><\/a><\/span><\/p>\t\t\t\t\t\t\t\t<\/div>\n\t\t\t\t<\/div>\n\t\t\t\t\t<\/div>\n\t\t<\/div>\n\t\t\t\t\t<\/div>\n\t\t<\/section>\n\t\t\t\t<\/div>\n\t\t","protected":false},"excerpt":{"rendered":"<p>Mariage les pieds dans le sable Dites \u201coui\u201d dans un d\u00e9cor de r\u00eave, entre mer et ciel. Au VIP Beach, nous transformons votre mariage en un moment magique, sur mesure, inoubliable. Situ\u00e9 au bord de l\u2019eau, notre lieu offre un cadre naturel exceptionnel pour c\u00e9l\u00e9brer votre amour. Plage priv\u00e9e, coucher de soleil, ambiance chic et [&hellip;]<\/p>\n","protected":false},"author":1,"featured_media":6526,"parent":0,"menu_order":0,"comment_status":"closed","ping_status":"closed","template":"","meta":{"footnotes":""},"class_list":["post-7","page","type-page","status-publish","has-post-thumbnail","hentry"],"_links":{"self":[{"href":"https:\/\/vipbeach.fr\/index.php\/wp-json\/wp\/v2\/pages\/7","targetHints":{"allow":["GET"]}}],"collection":[{"href":"https:\/\/vipbeach.fr\/index.php\/wp-json\/wp\/v2\/pages"}],"about":[{"href":"https:\/\/vipbeach.fr\/index.php\/wp-json\/wp\/v2\/types\/page"}],"author":[{"embeddable":true,"href":"https:\/\/vipbeach.fr\/index.php\/wp-json\/wp\/v2\/users\/1"}],"replies":[{"embeddable":true,"href":"https:\/\/vipbeach.fr\/index.php\/wp-json\/wp\/v2\/comments?post=7"}],"version-history":[{"count":60,"href":"https:\/\/vipbeach.fr\/index.php\/wp-json\/wp\/v2\/pages\/7\/revisions"}],"predecessor-version":[{"id":7333,"href":"https:\/\/vipbeach.fr\/index.php\/wp-json\/wp\/v2\/pages\/7\/revisions\/7333"}],"wp:featuredmedia":[{"embeddable":true,"href":"https:\/\/vipbeach.fr\/index.php\/wp-json\/wp\/v2\/media\/6526"}],"wp:attachment":[{"href":"https:\/\/vipbeach.fr\/index.php\/wp-json\/wp\/v2\/media?parent=7"}],"curies":[{"name":"wp","href":"https:\/\/api.w.org\/{rel}","templated":true}]}}